{"id":26,"date":"2023-08-30T20:03:19","date_gmt":"2023-08-30T18:03:19","guid":{"rendered":"https:\/\/www.rebelky.org\/?page_id=26"},"modified":"2024-03-31T19:45:00","modified_gmt":"2024-03-31T17:45:00","slug":"clenky","status":"publish","type":"page","link":"https:\/\/www.rebelky.org\/?page_id=26","title":{"rendered":"\u010clenky"},"content":{"rendered":"\n<div class=\"wp-block-columns is-layout-flex wp-container-core-columns-is-layout-28f84493 wp-block-columns-is-layout-flex\">\n<div class=\"wp-block-column is-layout-flow wp-block-column-is-layout-flow\">\n<figure class=\"wp-block-image size-large\"><img loading=\"lazy\" decoding=\"async\" width=\"768\" height=\"1024\" src=\"https:\/\/www.rebelky.org\/wp-content\/uploads\/2024\/03\/Jarka-768x1024.jpg\" alt=\"\" class=\"wp-image-47\" srcset=\"https:\/\/www.rebelky.org\/wp-content\/uploads\/2024\/03\/Jarka-768x1024.jpg 768w, https:\/\/www.rebelky.org\/wp-content\/uploads\/2024\/03\/Jarka-225x300.jpg 225w, https:\/\/www.rebelky.org\/wp-content\/uploads\/2024\/03\/Jarka-1152x1536.jpg 1152w, https:\/\/www.rebelky.org\/wp-content\/uploads\/2024\/03\/Jarka.jpg 1458w\" sizes=\"auto, (max-width: 768px) 100vw, 768px\" \/><\/figure>\n\n\n\n<p>\u201e\u0160t\u011bst\u00ed nep\u0159ijde samo, mus\u00ed\u0161 mu j\u00edt naproti\u201d ~ Jarka<br><\/p>\n\n\n\n<figure class=\"wp-block-image size-large\"><img loading=\"lazy\" decoding=\"async\" width=\"485\" height=\"1024\" src=\"https:\/\/www.rebelky.org\/wp-content\/uploads\/2024\/03\/Lenka-485x1024.jpg\" alt=\"\" class=\"wp-image-60\" srcset=\"https:\/\/www.rebelky.org\/wp-content\/uploads\/2024\/03\/Lenka-485x1024.jpg 485w, https:\/\/www.rebelky.org\/wp-content\/uploads\/2024\/03\/Lenka-142x300.jpg 142w, https:\/\/www.rebelky.org\/wp-content\/uploads\/2024\/03\/Lenka-768x1621.jpg 768w, https:\/\/www.rebelky.org\/wp-content\/uploads\/2024\/03\/Lenka-728x1536.jpg 728w, https:\/\/www.rebelky.org\/wp-content\/uploads\/2024\/03\/Lenka.jpg 862w\" sizes=\"auto, (max-width: 485px) 100vw, 485px\" \/><\/figure>\n\n\n\n<p>\u201eTan\u010di a zp\u00edvej, dop\u0159edu se d\u00edvej, ostatn\u00edm \u0161t\u011bst\u00ed p\u0159ej a bude ti hej\u201d ~ Lenka<\/p>\n<\/div>\n\n\n\n<div class=\"wp-block-column is-layout-flow wp-block-column-is-layout-flow\">\n<figure class=\"wp-block-image size-large\"><img loading=\"lazy\" decoding=\"async\" width=\"1024\" height=\"768\" src=\"https:\/\/www.rebelky.org\/wp-content\/uploads\/2024\/03\/Vlasta-1024x768.jpg\" alt=\"\" class=\"wp-image-46\" srcset=\"https:\/\/www.rebelky.org\/wp-content\/uploads\/2024\/03\/Vlasta-1024x768.jpg 1024w, https:\/\/www.rebelky.org\/wp-content\/uploads\/2024\/03\/Vlasta-300x225.jpg 300w, https:\/\/www.rebelky.org\/wp-content\/uploads\/2024\/03\/Vlasta-768x576.jpg 768w, https:\/\/www.rebelky.org\/wp-content\/uploads\/2024\/03\/Vlasta-1536x1152.jpg 1536w, https:\/\/www.rebelky.org\/wp-content\/uploads\/2024\/03\/Vlasta.jpg 1728w\" sizes=\"auto, (max-width: 1024px) 100vw, 1024px\" \/><\/figure>\n\n\n\n<p>\u201eA\u017e Ti bude \u00fazko oto\u010d se \u010delem ke slunci. V\u0161echny st\u00edny bude\u0161 m\u00edt za z\u00e1dy!\u201d ~ Vlasti\u010dka<br><\/p>\n\n\n\n<p><\/p>\n\n\n\n<figure class=\"wp-block-image size-large is-resized\"><img loading=\"lazy\" decoding=\"async\" width=\"1024\" height=\"768\" src=\"https:\/\/www.rebelky.org\/wp-content\/uploads\/2024\/03\/Jarmila-1-1024x768.jpg\" alt=\"\" class=\"wp-image-55\" style=\"width:313px;height:auto\" srcset=\"https:\/\/www.rebelky.org\/wp-content\/uploads\/2024\/03\/Jarmila-1-1024x768.jpg 1024w, https:\/\/www.rebelky.org\/wp-content\/uploads\/2024\/03\/Jarmila-1-300x225.jpg 300w, https:\/\/www.rebelky.org\/wp-content\/uploads\/2024\/03\/Jarmila-1-768x576.jpg 768w, https:\/\/www.rebelky.org\/wp-content\/uploads\/2024\/03\/Jarmila-1-1536x1152.jpg 1536w, https:\/\/www.rebelky.org\/wp-content\/uploads\/2024\/03\/Jarmila-1.jpg 1728w\" sizes=\"auto, (max-width: 1024px) 100vw, 1024px\" \/><\/figure>\n\n\n\n<p>\u201eCo m\u011b nezabije, to m\u011b pos\u00edl\u00ed\u201d ~ J\u00e1ja<\/p>\n\n\n\n<p><\/p>\n\n\n\n<figure class=\"wp-block-image size-full\"><img loading=\"lazy\" decoding=\"async\" width=\"960\" height=\"720\" src=\"https:\/\/www.rebelky.org\/wp-content\/uploads\/2024\/03\/Jana-1.jpg\" alt=\"\" class=\"wp-image-58\" srcset=\"https:\/\/www.rebelky.org\/wp-content\/uploads\/2024\/03\/Jana-1.jpg 960w, https:\/\/www.rebelky.org\/wp-content\/uploads\/2024\/03\/Jana-1-300x225.jpg 300w, https:\/\/www.rebelky.org\/wp-content\/uploads\/2024\/03\/Jana-1-768x576.jpg 768w\" sizes=\"auto, (max-width: 960px) 100vw, 960px\" \/><\/figure>\n\n\n\n<p>\u201eNevy\u010d\u00edtej r\u016f\u017ei, \u017ee m\u00e1 trny, ale raduj se, \u017ee trnit\u00fd ke\u0159 m\u00e1 r\u016f\u017ee.\u201d ~ Jani\u010dka<\/p>\n\n\n\n<p><\/p>\n\n\n\n<figure class=\"wp-block-image size-full\"><img loading=\"lazy\" decoding=\"async\" width=\"960\" height=\"720\" src=\"https:\/\/www.rebelky.org\/wp-content\/uploads\/2024\/03\/Vladenka.jpg\" alt=\"\" class=\"wp-image-64\" srcset=\"https:\/\/www.rebelky.org\/wp-content\/uploads\/2024\/03\/Vladenka.jpg 960w, https:\/\/www.rebelky.org\/wp-content\/uploads\/2024\/03\/Vladenka-300x225.jpg 300w, https:\/\/www.rebelky.org\/wp-content\/uploads\/2024\/03\/Vladenka-768x576.jpg 768w\" sizes=\"auto, (max-width: 960px) 100vw, 960px\" \/><\/figure>\n\n\n\n<p>\u201eNejsi li v \u017eivot\u011b \u0161\u0165astn\u00fd, hledej p\u0159\u00ed\u010dinu v\u017edy s\u00e1m v sob\u011b\u201d ~ Vlad\u011bnka<\/p>\n<\/div>\n<\/div>\n\n\n\n<p><\/p>\n\n\n\n<p><\/p>\n\n\n\n<p><\/p>\n","protected":false},"excerpt":{"rendered":"<p>\u201e\u0160t\u011bst\u00ed nep\u0159ijde samo, mus\u00ed\u0161 mu j\u00edt naproti\u201d ~ Jarka \u201eTan\u010di a zp\u00edvej, dop\u0159edu se d\u00edvej, ostatn\u00edm \u0161t\u011bst\u00ed p\u0159ej a bude ti hej\u201d ~ Lenka \u201eA\u017e Ti bude \u00fazko oto\u010d se \u010delem ke slunci. V\u0161echny st\u00edny bude\u0161 m\u00edt za z\u00e1dy!\u201d ~ Vlasti\u010dka \u201eCo m\u011b nezabije, to m\u011b pos\u00edl\u00ed\u201d ~ J\u00e1ja \u201eNevy\u010d\u00edtej r\u016f\u017ei, \u017ee m\u00e1 trny, ale [&hellip;]<\/p>\n","protected":false},"author":1,"featured_media":37,"parent":0,"menu_order":0,"comment_status":"closed","ping_status":"closed","template":"","meta":{"footnotes":""},"class_list":["post-26","page","type-page","status-publish","has-post-thumbnail","hentry"],"_links":{"self":[{"href":"https:\/\/www.rebelky.org\/index.php?rest_route=\/wp\/v2\/pages\/26","targetHints":{"allow":["GET"]}}],"collection":[{"href":"https:\/\/www.rebelky.org\/index.php?rest_route=\/wp\/v2\/pages"}],"about":[{"href":"https:\/\/www.rebelky.org\/index.php?rest_route=\/wp\/v2\/types\/page"}],"author":[{"embeddable":true,"href":"https:\/\/www.rebelky.org\/index.php?rest_route=\/wp\/v2\/users\/1"}],"replies":[{"embeddable":true,"href":"https:\/\/www.rebelky.org\/index.php?rest_route=%2Fwp%2Fv2%2Fcomments&post=26"}],"version-history":[{"count":11,"href":"https:\/\/www.rebelky.org\/index.php?rest_route=\/wp\/v2\/pages\/26\/revisions"}],"predecessor-version":[{"id":65,"href":"https:\/\/www.rebelky.org\/index.php?rest_route=\/wp\/v2\/pages\/26\/revisions\/65"}],"wp:featuredmedia":[{"embeddable":true,"href":"https:\/\/www.rebelky.org\/index.php?rest_route=\/wp\/v2\/media\/37"}],"wp:attachment":[{"href":"https:\/\/www.rebelky.org\/index.php?rest_route=%2Fwp%2Fv2%2Fmedia&parent=26"}],"curies":[{"name":"wp","href":"https:\/\/api.w.org\/{rel}","templated":true}]}}